{"id":14,"date":"2012-11-24T23:03:00","date_gmt":"2012-11-24T22:03:00","guid":{"rendered":"http:\/\/www.socuisine.fr\/wordpress\/?page_id=14"},"modified":"2012-11-24T23:03:00","modified_gmt":"2012-11-24T22:03:00","slug":"mentions-legales","status":"publish","type":"page","link":"http:\/\/www.socuisine.fr\/wordpress\/mentions-legales\/","title":{"rendered":"Mentions l\u00e9gales"},"content":{"rendered":"<h2>H\u00e9bergement<\/h2>\n<div>Ce site est h\u00e9berg\u00e9 sur un serveur mutualis\u00e9 appartenant \u00e0 OVH SAS .<br \/>\nSi\u00e8ge social : 2 rue Kellermann \u2013 59100 Roubaix \u2013 France.<br \/>\nRCS Roubaix \u2013 Tourcoing 424 761 419 00011 \u2013 Code APE 6202A \u2013 N\u00b0 TVA : FR 22 424 761 419<\/div>\n<p>&nbsp;<\/p>\n<h2>Droits d\u2019auteurs<\/h2>\n<div>Les images pr\u00e9sent\u00e9es sur ce portfolio ne sont pas libres de droits.<br \/>\nPour toute utilisation, merci de me contacter via le mail contact (at) socuisine.fr<\/div>\n","protected":false},"excerpt":{"rendered":"<p>H\u00e9bergement Ce site est h\u00e9berg\u00e9 sur un serveur mutualis\u00e9 appartenant \u00e0 OVH SAS . Si\u00e8ge social : 2 rue Kellermann \u2013 59100 Roubaix \u2013 France. RCS Roubaix \u2013 Tourcoing 424 761 419 00011 \u2013 Code APE 6202A \u2013 N\u00b0 TVA : FR 22 424 761 419 &nbsp; Droits d\u2019auteurs Les images pr\u00e9sent\u00e9es sur ce portfolio [&hellip;]<\/p>\n","protected":false},"author":1,"featured_media":0,"parent":0,"menu_order":0,"comment_status":"open","ping_status":"open","template":"","meta":{"_et_pb_use_builder":"","_et_pb_old_content":"","_et_gb_content_width":""},"_links":{"self":[{"href":"http:\/\/www.socuisine.fr\/wordpress\/wp-json\/wp\/v2\/pages\/14"}],"collection":[{"href":"http:\/\/www.socuisine.fr\/wordpress\/wp-json\/wp\/v2\/pages"}],"about":[{"href":"http:\/\/www.socuisine.fr\/wordpress\/wp-json\/wp\/v2\/types\/page"}],"author":[{"embeddable":true,"href":"http:\/\/www.socuisine.fr\/wordpress\/wp-json\/wp\/v2\/users\/1"}],"replies":[{"embeddable":true,"href":"http:\/\/www.socuisine.fr\/wordpress\/wp-json\/wp\/v2\/comments?post=14"}],"version-history":[{"count":2,"href":"http:\/\/www.socuisine.fr\/wordpress\/wp-json\/wp\/v2\/pages\/14\/revisions"}],"predecessor-version":[{"id":16,"href":"http:\/\/www.socuisine.fr\/wordpress\/wp-json\/wp\/v2\/pages\/14\/revisions\/16"}],"wp:attachment":[{"href":"http:\/\/www.socuisine.fr\/wordpress\/wp-json\/wp\/v2\/media?parent=14"}],"curies":[{"name":"wp","href":"https:\/\/api.w.org\/{rel}","templated":true}]}}