{"id":2,"date":"2012-11-24T21:39:08","date_gmt":"2012-11-24T21:39:08","guid":{"rendered":"http:\/\/www.socuisine.fr\/wordpress\/?page_id=2"},"modified":"2012-12-24T22:30:22","modified_gmt":"2012-12-24T21:30:22","slug":"page-d-exemple","status":"publish","type":"page","link":"http:\/\/www.socuisine.fr\/wordpress\/page-d-exemple\/","title":{"rendered":"A propos"},"content":{"rendered":"<p>Dans la vie de tous les jours, je ne travaille pas du tout dans la cuisine ; mais une fois rentr\u00e9e \u00e0 la maison, j&rsquo;aime bien faire des exp\u00e9riences et surtout varier les plaisirs&#8230;<\/p>\n<p>So&rsquo;cuisine c&rsquo;est le blog o\u00f9 je vous partage mes recettes les plus r\u00e9ussies, test\u00e9es et valid\u00e9es par mon entourage.<\/p>\n<p>Si d&rsquo;aventure une de mes recettes vous inspire, n&rsquo;h\u00e9sitez pas \u00e0 le faire savoir et \u00e0 laisser un petit commentaire !<\/p>\n<p>&nbsp;<\/p>\n<p>&nbsp;<\/p>\n","protected":false},"excerpt":{"rendered":"<p>Dans la vie de tous les jours, je ne travaille pas du tout dans la cuisine ; mais une fois rentr\u00e9e \u00e0 la maison, j&rsquo;aime bien faire des exp\u00e9riences et surtout varier les plaisirs&#8230; So&rsquo;cuisine c&rsquo;est le blog o\u00f9 je vous partage mes recettes les plus r\u00e9ussies, test\u00e9es et valid\u00e9es par mon entourage. Si d&rsquo;aventure [&hellip;]<\/p>\n","protected":false},"author":1,"featured_media":0,"parent":0,"menu_order":0,"comment_status":"open","ping_status":"open","template":"","meta":{"_et_pb_use_builder":"","_et_pb_old_content":"","_et_gb_content_width":""},"_links":{"self":[{"href":"http:\/\/www.socuisine.fr\/wordpress\/wp-json\/wp\/v2\/pages\/2"}],"collection":[{"href":"http:\/\/www.socuisine.fr\/wordpress\/wp-json\/wp\/v2\/pages"}],"about":[{"href":"http:\/\/www.socuisine.fr\/wordpress\/wp-json\/wp\/v2\/types\/page"}],"author":[{"embeddable":true,"href":"http:\/\/www.socuisine.fr\/wordpress\/wp-json\/wp\/v2\/users\/1"}],"replies":[{"embeddable":true,"href":"http:\/\/www.socuisine.fr\/wordpress\/wp-json\/wp\/v2\/comments?post=2"}],"version-history":[{"count":3,"href":"http:\/\/www.socuisine.fr\/wordpress\/wp-json\/wp\/v2\/pages\/2\/revisions"}],"predecessor-version":[{"id":10,"href":"http:\/\/www.socuisine.fr\/wordpress\/wp-json\/wp\/v2\/pages\/2\/revisions\/10"}],"wp:attachment":[{"href":"http:\/\/www.socuisine.fr\/wordpress\/wp-json\/wp\/v2\/media?parent=2"}],"curies":[{"name":"wp","href":"https:\/\/api.w.org\/{rel}","templated":true}]}}